{"id":2214,"date":"2017-11-04T19:20:19","date_gmt":"2017-11-04T19:20:19","guid":{"rendered":"https:\/\/zefiro-japan.com\/quienes-somos\/"},"modified":"2018-05-19T03:23:47","modified_gmt":"2018-05-19T03:23:47","slug":"quienes-somos","status":"publish","type":"page","link":"https:\/\/zefiro-japan.com\/ja\/quienes-somos\/","title":{"rendered":"\u00bfQuienes Somos? Z\u00e9firo \u00a0l \u00a0\u00a0Especialista en Jap\u00f3n y productos japoneses"},"content":{"rendered":"<div class=\"wpb-content-wrapper\"><p>[vc_row][vc_column][vc_column_text]<\/p>\n<h2><img loading=\"lazy\" decoding=\"async\" class=\"aligncenter wp-image-2035\" src=\"https:\/\/zefiro-japan.com\/wp-content\/uploads\/2017\/11\/Sin-t\u00edtulo.png\" alt=\"\u00bfQuienes somos?\" width=\"851\" height=\"261\" srcset=\"https:\/\/zefiro-japan.com\/wp-content\/uploads\/2017\/11\/Sin-t\u00edtulo.png 1886w, https:\/\/zefiro-japan.com\/wp-content\/uploads\/2017\/11\/Sin-t\u00edtulo-300x92.png 300w, https:\/\/zefiro-japan.com\/wp-content\/uploads\/2017\/11\/Sin-t\u00edtulo-768x235.png 768w, https:\/\/zefiro-japan.com\/wp-content\/uploads\/2017\/11\/Sin-t\u00edtulo-1024x314.png 1024w\" sizes=\"(max-width: 851px) 100vw, 851px\" \/><\/h2>\n<p style=\"text-align: center;\"><span style=\"font-size: 30px;\"><strong>\u4f1a\u793e\u7d39\u4ecb<\/strong><\/span><\/p>\n<p style=\"text-align: center;\">\u5f53\u793e\u306f2017\u5e74\u672b\u306b\u81ea\u793e\u30d6\u30e9\u30f3\u30c9\u3067\u3042\u308bDINAIME\u3068ATARAINA\u3092\u4e8c\u5927\u67f1\u3068\u3057\u3066Z\u00e9firo Company\u3068\u3057\u3066\u8a95\u751f\u3057\u307e\u3057\u305f\u3002<\/p>\n<p style=\"text-align: center;\">\u65e5\u672c\u306e\u5546\u54c1\u3092\u4e2d\u5fc3\u3068\u3057\u305f\u30e8\u30fc\u30ed\u30c3\u30d1\u3068\u306e\u4ea4\u6613\u304c\u4e3b\u306a\u696d\u52d9\u5185\u5bb9\u3067\u3059\u3002<\/p>\n<p style=\"text-align: center;\">DIANIME\u306e\u69cb\u60f3\u306f\u65e5\u672c\u306e\u7d20\u6674\u3089\u3057\u3044\u6587\u5316\u3092\u30e8\u30fc\u30ed\u30c3\u30d1\u306b\u5e83\u3081\u305f\u3044\u3068\u3044\u3046\u60c5\u71b1\u3092\u80f8\u306b\u540c\u5fd7\u304c\u96c6\u307e\u308a\u3001<\/p>\n<p style=\"text-align: center;\">2015\u5e74\u9803\u3088\u308a\u30b9\u30da\u30a4\u30f3\u306e\u30a2\u30f3\u30c0\u30eb\u30b7\u30a2\u5730\u65b9\u3092\u4e2d\u5fc3\u306b\u30b9\u30da\u30a4\u30f3\u3067\u6d41\u884c\u4e2d\u306e\u65e5\u672c\u306b\u95a2\u4fc2\u3059\u308b\u30a2\u30cb\u30e1\u30a4\u30d9\u30f3\u30c8\u306a\u3069\u306b\u53c2\u52a0\u3057\u305f\u3068\u3053\u308d\u304b\u3089\u59cb\u307e\u3063\u3066\u3044\u307e\u3059\u3002<\/p>\n<p style=\"text-align: center;\">\u305d\u306e\u5f8c\u3001ATARAINA\u30d6\u30e9\u30f3\u30c9\u306e\u30e8\u30fc\u30ed\u30c3\u30d1\u9032\u51fa\u3092\u517c\u306d\u3066Z\u00e9firo Company\u3068\u3057\u3066\u30b9\u30da\u30a4\u30f3\u306e\u30de\u30e9\u30ac\u306b\u4e8b\u52d9\u6240\u3092\u69cb\u3048\u307e\u3057\u305f\u3002<\/p>\n<p style=\"text-align: center;\">Z\u00e9firo (\u30bb\u30d5\u30a3\u30ed)\u3068\u306f\u30b9\u30da\u30a4\u30f3\u8a9e\u306eC\u00e9firo\u3068\u82f1\u8a9e\u306eZephyr\u306e\u30a2\u30ca\u30b0\u30e9\u30e0\u3067\u30ae\u30ea\u30b7\u30a2\u795e\u8a71\u306b\u767b\u5834\u3059\u308b\u897f\u98a8\u795e\u3001\u300c\u5730\u4e2d\u6d77\u306b\u6625\u3092\u3082\u305f\u3089\u3059\u897f\u98a8\u300d\u304b\u3089\u7531\u6765\u3057\u307e\u3059\u3002<\/p>\n<p>[\/vc_column_text][vc_column_text]<\/p>\n<p style=\"padding-left: 300px;\"><span style=\"font-size: 30px;\"><strong>\u4f1a\u793e\u6982\u8981<\/strong><\/span><\/p>\n<p style=\"padding-left: 300px;\">\u5546\u53f7\u3000 \u00a0\u00a0\u00a0\u00a0\u00a0\u00a0\u00a0\u00a0\u00a0\u00a0\u00a0\u00a0\u00a0\u00a0\u00a0\u00a0\u00a0\u00a0\u00a0\u00a0\u00a0\u00a0\u00a0\u00a0\u00a0\u00a0\u00a0\u00a0\u00a0\u00a0\u00a0\u00a0\u00a0\u00a0Z\u00e9firo Company<\/p>\n<p style=\"padding-left: 300px;\">\u4ee3\u8868\u8005 \u00a0\u00a0\u00a0\u00a0\u00a0\u00a0\u00a0\u00a0\u00a0\u00a0\u00a0\u00a0\u00a0\u00a0\u00a0\u00a0\u00a0\u00a0\u00a0\u00a0\u00a0\u00a0\u00a0\u00a0\u00a0\u00a0\u00a0\u00a0\u00a0\u00a0\u00a0\u00a0\u00a0\u00a0Jose A. Bolivar<\/p>\n<p style=\"padding-left: 300px;\">\u6240\u5728\u5730 \u00a0\u00a0\u00a0\u00a0\u00a0\u00a0\u00a0\u00a0\u00a0\u00a0\u00a0\u00a0\u00a0\u00a0\u00a0\u00a0\u00a0\u00a0\u00a0\u00a0\u00a0\u00a0\u00a0\u00a0\u00a0\u00a0\u00a0\u00a0\u00a0\u00a0\u00a0\u00a0\u00a0Avda. Manuel Gorr\u00eda numero 32 piso 3 puerta 3<\/p>\n<p style=\"padding-left: 300px;\">\u00a0\u00a0\u00a0\u00a0\u00a0\u00a0\u00a0\u00a0\u00a0\u00a0\u00a0\u00a0\u00a0\u00a0\u00a0\u00a0\u00a0\u00a0\u00a0\u00a0\u00a0\u00a0\u00a0\u00a0\u00a0\u00a0\u00a0\u00a0\u00a0\u00a0\u00a0\u00a0\u00a0\u00a0\u00a0\u00a0\u00a0\u00a0\u00a0\u00a0\u00a0\u00a0\u00a0\u00a0\u00a0\u00a0 M\u00e1laga, Andaluc\u00eda, Espa\u00f1a<\/p>\n<p style=\"padding-left: 300px;\">\u8a2d\u7acb \u00a0\u00a0\u00a0\u00a0\u00a0\u00a0\u00a0\u00a0\u00a0\u00a0\u00a0\u00a0\u00a0\u00a0\u00a0\u00a0\u00a0\u00a0\u00a0\u00a0\u00a0\u00a0\u00a0\u00a0\u00a0\u00a0\u00a0\u00a0\u00a0\u00a0\u00a0\u00a0\u00a0\u00a02017\u5e7411\u6708<\/p>\n<p style=\"padding-left: 300px;\">\u4e3b\u306a\u4e8b\u696d\u5185\u5bb9\u3000\u3000\u3000\u3000\u3000\u30e8\u30fc\u30ed\u30c3\u30d1\u3078\u65e5\u672c\u306e\u88fd\u54c1\u3092\u8f38\u51fa\u3001\u5378\u8ca9\u58f2\u3001\u8ca9\u58f2<\/p>\n<p style=\"padding-left: 300px;\">\u3000\u3000\u3000\u3000\u3000\u3000\u3000\u3000\u3000\u3000\u3000\u65e5\u672c\u3078\u30b9\u30da\u30a4\u30f3\u306e\u88fd\u54c1\u3092\u8f38\u5165<\/p>\n<p style=\"padding-left: 300px;\">\u3000\u3000\u3000\u3000\u3000\u3000\u3000\u3000\u3000\u3000\u3000\u65e5\u672c\u8a9e\u304b\u3089\u30b9\u30da\u30a4\u30f3\u8a9e\u3078\u7ffb\u8a33\u30b5\u30fc\u30d3\u30b9<\/p>\n<p style=\"padding-left: 300px;\">\u3000\u3000\u3000\u3000\u3000\u3000\u3000\u3000\u3000\u3000\u3000\u30b9\u30da\u30a4\u30f3\u5e02\u5834\u3067\u306e\u8abf\u67fb\u3001\u4ef2\u4ecb\u3001\u5546\u8ac7\u4ea4\u6e09\u4ee3\u884c<\/p>\n<p>[\/vc_column_text][vc_video link=&#8221;https:\/\/www.youtube.com\/watch?v=vSiXebbqY0U&amp;t=7s&#8221; el_width=&#8221;50&#8243; align=&#8221;center&#8221;][\/vc_column][\/vc_row]<\/p>\n<\/div>","protected":false},"excerpt":{"rendered":"<p>[vc_row][vc_column][vc_column_text] \u4f1a\u793e\u7d39\u4ecb &#8230;<\/p>\n","protected":false},"author":1,"featured_media":0,"parent":0,"menu_order":0,"comment_status":"closed","ping_status":"closed","template":"","meta":{"footnotes":""},"class_list":["post-2214","page","type-page","status-publish","hentry"],"_links":{"self":[{"href":"https:\/\/zefiro-japan.com\/ja\/wp-json\/wp\/v2\/pages\/2214"}],"collection":[{"href":"https:\/\/zefiro-japan.com\/ja\/wp-json\/wp\/v2\/pages"}],"about":[{"href":"https:\/\/zefiro-japan.com\/ja\/wp-json\/wp\/v2\/types\/page"}],"author":[{"embeddable":true,"href":"https:\/\/zefiro-japan.com\/ja\/wp-json\/wp\/v2\/users\/1"}],"replies":[{"embeddable":true,"href":"https:\/\/zefiro-japan.com\/ja\/wp-json\/wp\/v2\/comments?post=2214"}],"version-history":[{"count":5,"href":"https:\/\/zefiro-japan.com\/ja\/wp-json\/wp\/v2\/pages\/2214\/revisions"}],"predecessor-version":[{"id":2377,"href":"https:\/\/zefiro-japan.com\/ja\/wp-json\/wp\/v2\/pages\/2214\/revisions\/2377"}],"wp:attachment":[{"href":"https:\/\/zefiro-japan.com\/ja\/wp-json\/wp\/v2\/media?parent=2214"}],"curies":[{"name":"wp","href":"https:\/\/api.w.org\/{rel}","templated":true}]}}