{"id":2224,"date":"2017-12-14T12:54:10","date_gmt":"2017-12-14T12:54:10","guid":{"rendered":"https:\/\/zefiro-japan.com\/nuestras-marcas\/"},"modified":"2018-05-18T09:15:22","modified_gmt":"2018-05-18T09:15:22","slug":"nuestras-marcas","status":"publish","type":"page","link":"https:\/\/zefiro-japan.com\/ja\/nuestras-marcas\/","title":{"rendered":"Nuestras Marcas"},"content":{"rendered":"<div class=\"wpb-content-wrapper\"><p>[vc_row css=&#8221;.vc_custom_1511869231965{padding-top: 20px !important;}&#8221;][vc_column][vc_column_text]<\/p>\n<h1 style=\"text-align: center;\"><strong>Nuestras Marcas<\/strong><\/h1>\n<p style=\"font-size: 16px; text-align: center;\">Z<span style=\"font-size: 18px;\">efiro ofrece desde los productos m\u00e1s innovadores de la tecnolog\u00eda japonesa, hasta lo m\u00e1s t\u00edpico y tradicional de su historia a trav\u00e9s de sus dos marcas comerciales.<\/span><\/p>\n<p>[\/vc_column_text][\/vc_column][\/vc_row][vc_row css=&#8221;.vc_custom_1510138831276{margin-bottom: 10px !important;padding-top: 20px !important;padding-bottom: 50px !important;}&#8221;][vc_column width=&#8221;1\/2&#8243; offset=&#8221;vc_col-lg-6 vc_col-md-6 vc_col-xs-12&#8243; css=&#8221;.vc_custom_1513256519172{padding-top: 20px !important;}&#8221;][vc_column_text]<\/p>\n<h1 style=\"text-align: center; font-size: 18px;\"><span style=\"font-size: 36px; font-family: georgia, palatino;\"><strong><span style=\"color: #4ab04a;\">ATARAINA<\/span><\/strong><\/span><\/h1>\n<p style=\"text-align: center; font-size: 18px;\">ATARAINA es una marca de la empresa japonesa Creative Technology Corporation of Japan que se encuentra entre las principales empresas de tecnolog\u00eda electrost\u00e1tica de sujeci\u00f3n mundiales.<\/p>\n<p style=\"text-align: center; font-size: 18px;\" align=\"LEFT\">Gracias a su amplia experiencia cre\u00f3 &#8220;ataraina&#8221;, una nueva l\u00ednea de productos compactos, livianos y port\u00e1tiles, adaptados al estilo de vida del consumidor, que promueven la limpieza y la salud.<\/p>\n<h2 style=\"text-align: center;\"><a href=\"http:\/\/ataraina.zefiro-japan.com\/\">Visitar Web<\/a><\/h2>\n<p>[\/vc_column_text][\/vc_column][vc_column width=&#8221;1\/2&#8243; offset=&#8221;vc_col-lg-6 vc_col-md-6 vc_col-xs-12&#8243; css=&#8221;.vc_custom_1513256238019{padding-top: 150px !important;padding-bottom: 162px !important;background-image: url(https:\/\/zefiro-japan.com\/wp-content\/uploads\/2015\/11\/ATARAINA-INICIO.png?id=1452) !important;background-position: center !important;background-repeat: no-repeat !important;background-size: cover !important;}&#8221;][\/vc_column][\/vc_row][vc_row css=&#8221;.vc_custom_1513256490129{margin-bottom: 20px !important;}&#8221;][vc_column width=&#8221;1\/2&#8243; css=&#8221;.vc_custom_1513256248825{padding-top: 150px !important;padding-bottom: 162px !important;background-image: url(https:\/\/zefiro-japan.com\/wp-content\/uploads\/2015\/11\/DIANIME-INICIO.png?id=1451) !important;background-position: center !important;background-repeat: no-repeat !important;background-size: cover !important;}&#8221;][\/vc_column][vc_column width=&#8221;1\/2&#8243; css=&#8221;.vc_custom_1513256458489{padding-top: 50px !important;}&#8221;][vc_column_text]<\/p>\n<p style=\"text-align: center;\"><span style=\"font-size: 36px; color: #ff00ff;\"><strong>DIANIME<\/strong><\/span><\/p>\n<p style=\"text-align: center; font-size: 18px;\">Por otro lado, desde nuestra marca original, DIANIME, ofrecemos productos culturales con el objetivo de incentivar el intercambio de tradiciones, conocimiento y entretenimiento entre Espa\u00f1a y Jap\u00f3n.<\/p>\n<p style=\"text-align: center; font-size: 18px;\">Trabajamos con una amplia variedad de productos , desde la prenda de vestir tradicional en Jap\u00f3n: el kimono, hasta merchandising de numerosos animes.<\/p>\n<h2 style=\"text-align: center;\"><a href=\"http:\/\/dianime.zefiro-japan.com\/\">Visitar Web<\/a><\/h2>\n<p>[\/vc_column_text][\/vc_column][\/vc_row]<\/p>\n<\/div>","protected":false},"excerpt":{"rendered":"<p>[vc_row css=&#8221;.vc_custom_1511869231 &#8230;<\/p>\n","protected":false},"author":1,"featured_media":0,"parent":0,"menu_order":0,"comment_status":"closed","ping_status":"closed","template":"","meta":{"footnotes":""},"class_list":["post-2224","page","type-page","status-publish","hentry"],"_links":{"self":[{"href":"https:\/\/zefiro-japan.com\/ja\/wp-json\/wp\/v2\/pages\/2224"}],"collection":[{"href":"https:\/\/zefiro-japan.com\/ja\/wp-json\/wp\/v2\/pages"}],"about":[{"href":"https:\/\/zefiro-japan.com\/ja\/wp-json\/wp\/v2\/types\/page"}],"author":[{"embeddable":true,"href":"https:\/\/zefiro-japan.com\/ja\/wp-json\/wp\/v2\/users\/1"}],"replies":[{"embeddable":true,"href":"https:\/\/zefiro-japan.com\/ja\/wp-json\/wp\/v2\/comments?post=2224"}],"version-history":[{"count":1,"href":"https:\/\/zefiro-japan.com\/ja\/wp-json\/wp\/v2\/pages\/2224\/revisions"}],"predecessor-version":[{"id":2226,"href":"https:\/\/zefiro-japan.com\/ja\/wp-json\/wp\/v2\/pages\/2224\/revisions\/2226"}],"wp:attachment":[{"href":"https:\/\/zefiro-japan.com\/ja\/wp-json\/wp\/v2\/media?parent=2224"}],"curies":[{"name":"wp","href":"https:\/\/api.w.org\/{rel}","templated":true}]}}