{"id":2228,"date":"2018-02-05T15:05:39","date_gmt":"2018-02-05T15:05:39","guid":{"rendered":"https:\/\/zefiro-japan.com\/otras-actividades\/"},"modified":"2018-09-23T01:10:55","modified_gmt":"2018-09-23T01:10:55","slug":"otras-actividades","status":"publish","type":"page","link":"https:\/\/zefiro-japan.com\/ja\/otras-actividades\/","title":{"rendered":"Otras Actividades"},"content":{"rendered":"<div class=\"wpb-content-wrapper\"><p>[vc_row][vc_column][vc_column_text]<\/p>\n<h1 style=\"text-align: center;\"><span style=\"color: #3366ff;\"><b>Otras Actividades con Jap\u00f3n<\/b><\/span><\/h1>\n<p style=\"text-align: center;\"><span style=\"font-weight: 400; font-size: 18px; color: #000000;\">Desde Z\u00e9firo queremos que conozcais plenamente a qu\u00e9 nos dedicamos, a continuaci\u00f3n<\/span><\/p>\n<p style=\"text-align: center;\"><span style=\"font-weight: 400; font-size: 18px; color: #000000;\"> \u00a0explicamos qu\u00e9 actividades estamos desarrollando con Jap\u00f3n para cultivar el conocimiento entre culturas.<\/span><\/p>\n<p>[\/vc_column_text][vc_separator color=&#8221;black&#8221; border_width=&#8221;2&#8243; css_animation=&#8221;right-to-left&#8221;][\/vc_column][\/vc_row][vc_row][vc_column][vc_column_text]<\/p>\n<p style=\"text-align: center;\"><span style=\"font-family: 'trebuchet ms', geneva; font-size: 30px;\">SERVICIO DE TRADUCCI\u00d3N<\/span><\/p>\n<p><img loading=\"lazy\" decoding=\"async\" class=\"aligncenter wp-image-2409\" src=\"https:\/\/zefiro-japan.com\/wp-content\/uploads\/2018\/02\/book-1769228-1024x645.jpg\" alt=\"\" width=\"450\" height=\"284\" \/><\/p>\n<p style=\"text-align: center;\"><span style=\"font-size: 18px;\">Trabajamos con un equipo de japoneses y espa\u00f1oles que te ayudar\u00e1n a traducir cualquier texto que necesites.<\/span><\/p>\n<p>[\/vc_column_text][\/vc_column][\/vc_row][vc_row][vc_column width=&#8221;1\/3&#8243;][\/vc_column][vc_column width=&#8221;1\/3&#8243;][vc_btn title=&#8221;+info.&#8221; style=&#8221;classic&#8221; shape=&#8221;square&#8221; color=&#8221;blue&#8221; size=&#8221;lg&#8221; align=&#8221;center&#8221; link=&#8221;url:https%3A%2F%2Fzefiro-japan.com%2Fservicio-de-traduccion%2F||target:%20_blank|&#8221;][\/vc_column][vc_column width=&#8221;1\/3&#8243;][\/vc_column][\/vc_row][vc_row][vc_column][vc_separator color=&#8221;black&#8221; border_width=&#8221;2&#8243; css_animation=&#8221;right-to-left&#8221;][vc_column_text]<img loading=\"lazy\" decoding=\"async\" class=\"size-full wp-image-1888 aligncenter\" src=\"https:\/\/zefiro-japan.com\/wp-content\/uploads\/2018\/02\/logo-MOA.png\" alt=\"\" width=\"730\" height=\"283\" srcset=\"https:\/\/zefiro-japan.com\/wp-content\/uploads\/2018\/02\/logo-MOA.png 730w, https:\/\/zefiro-japan.com\/wp-content\/uploads\/2018\/02\/logo-MOA-300x116.png 300w\" sizes=\"(max-width: 730px) 100vw, 730px\" \/><\/p>\n<p>&nbsp;<\/p>\n<p style=\"text-align: center;\"><span style=\"font-weight: 400; font-size: 18px; color: #000000;\">Nuestro pa\u00eds es el primer productor del mundo de aceite de oliva, el cual tiene una serie de propiedades<\/span><\/p>\n<p style=\"text-align: center;\"><span style=\"font-weight: 400; font-size: 18px; color: #000000;\"> que benefician y potencian el correcto funcionamiento de nuestro cuerpo: previene la hipertensi\u00f3n y es un alimento <\/span><\/p>\n<p style=\"text-align: center;\"><span style=\"color: #000000;\"><span style=\"font-weight: 400; font-size: 18px;\">depurativo y <\/span><span style=\"font-weight: 400; font-size: 18px;\">antioxidante que protege contra el envejecimiento celular, entre otras muchas cosas.<\/span><\/span><\/p>\n<p style=\"text-align: center;\"><span style=\"font-weight: 400; font-size: 18px; color: #000000;\">Con este proyecto queremos ofrecer a la cultura japonesa, de forma especial y exclusiva, un elemento importante y<\/span><\/p>\n<p style=\"text-align: center;\"><span style=\"font-weight: 400; font-size: 18px; color: #000000;\"> tradicional de nuestra cultura como es el consumo de aceite de oliva, colaborando con agricultores y empresas locales y <\/span><\/p>\n<p style=\"text-align: center;\"><span style=\"font-weight: 400; font-size: 18px; color: #000000;\">trabajando en Jap\u00f3n para poder introducir el proyecto e importar nuestra cultura saludable.<\/span><\/p>\n<p>[\/vc_column_text][\/vc_column][\/vc_row][vc_row][vc_column width=&#8221;1\/3&#8243;][\/vc_column][vc_column css_animation=&#8221;top-to-bottom&#8221; width=&#8221;1\/3&#8243;][vc_btn title=&#8221;+info.&#8221; style=&#8221;classic&#8221; shape=&#8221;square&#8221; color=&#8221;success&#8221; size=&#8221;lg&#8221; align=&#8221;center&#8221; link=&#8221;url:http%3A%2F%2Fzefiro-japan.com%2Fproyecto-oro-oliva%2F||target:%20_blank|&#8221;][\/vc_column][vc_column width=&#8221;1\/3&#8243;][\/vc_column][\/vc_row][vc_row][vc_column][vc_separator color=&#8221;black&#8221; border_width=&#8221;2&#8243; css_animation=&#8221;right-to-left&#8221;][vc_column_text]<\/p>\n<h1 style=\"text-align: center;\"><strong><span style=\"color: #000000;\">Sake\u00a0<em>Tamanohikari <\/em><\/span><\/strong><\/h1>\n<p><img loading=\"lazy\" decoding=\"async\" class=\" wp-image-1975 aligncenter\" src=\"https:\/\/zefiro-japan.com\/wp-content\/uploads\/2018\/02\/logo-tamanohikari.png\" alt=\"\" width=\"732\" height=\"343\" srcset=\"https:\/\/zefiro-japan.com\/wp-content\/uploads\/2018\/02\/logo-tamanohikari.png 916w, https:\/\/zefiro-japan.com\/wp-content\/uploads\/2018\/02\/logo-tamanohikari-300x141.png 300w, https:\/\/zefiro-japan.com\/wp-content\/uploads\/2018\/02\/logo-tamanohikari-768x360.png 768w\" sizes=\"(max-width: 732px) 100vw, 732px\" \/><\/p>\n<p>&nbsp;<\/p>\n<p style=\"text-align: center;\"><span style=\"color: #000000; font-size: 18px;\">El sake, tambi\u00e9n conocido como vino de arroz, es un producto tradicional e imprescindible en la historia de la cultura japonesa. <\/span><\/p>\n<p style=\"text-align: center;\"><span style=\"color: #000000; font-size: 18px;\">Es utilizado como aderezo culinario en muchas recetas, al igual que como acompa\u00f1ante de \u00e9stas. <\/span><\/p>\n<p style=\"text-align: center;\"><span style=\"color: #000000; font-size: 18px;\">No es sorprendente descubrir los beneficios que aporta su consumo para el ser humano,<\/span><\/p>\n<p style=\"text-align: center;\"><span style=\"color: #000000; font-size: 18px;\"> ya que estimula la circulaci\u00f3n sangu\u00ednea, reduce el estr\u00e9s y fortalece el sistema inmunol\u00f3gico.<\/span><\/p>\n<h2 style=\"text-align: center;\"><span style=\"color: #000000; font-size: 18px;\"><strong><em>Tamanohikari <\/em><\/strong>es una empresa japonesa que lleva produciendo sake desde el a\u00f1o 1673. <\/span><\/h2>\n<p style=\"text-align: center;\"><span style=\"color: #000000; font-size: 18px;\">Durante m\u00e1s de 340 a\u00f1os se ha dedicado a la obtenci\u00f3n de un sake de gran calidad manteniendo<\/span><\/p>\n<p style=\"text-align: center;\"><span style=\"color: #000000; font-size: 18px;\"> contacto con los agricultores, puesto que para ellos \u201cun sake de buena calidad, deriva de un arroz de buena calidad\u201d.<\/span><\/p>\n<p style=\"text-align: center;\"><span style=\"color: #000000; font-size: 18px;\"> Desde Z\u00e9firo queremos transmitir el sabor de Jap\u00f3n de la mejor forma, por eso confiamos en ellos para introducir este producto en Europa.<\/span><\/p>\n<p>[\/vc_column_text][\/vc_column][\/vc_row][vc_row][vc_column width=&#8221;1\/3&#8243;][\/vc_column][vc_column width=&#8221;1\/3&#8243;][vc_btn title=&#8221;+info.&#8221; style=&#8221;classic&#8221; shape=&#8221;square&#8221; color=&#8221;violet&#8221; size=&#8221;lg&#8221; align=&#8221;center&#8221; link=&#8221;url:https%3A%2F%2Fzefiro-japan.com%2Fsake-tamanohikari%2F||target:%20_blank|&#8221;][\/vc_column][vc_column width=&#8221;1\/3&#8243;][\/vc_column][\/vc_row]<\/p>\n<\/div>","protected":false},"excerpt":{"rendered":"<p>[vc_row][vc_column][vc_column_text] Otra &#8230;<\/p>\n","protected":false},"author":1,"featured_media":0,"parent":0,"menu_order":0,"comment_status":"closed","ping_status":"closed","template":"","meta":{"footnotes":""},"class_list":["post-2228","page","type-page","status-publish","hentry"],"_links":{"self":[{"href":"https:\/\/zefiro-japan.com\/ja\/wp-json\/wp\/v2\/pages\/2228"}],"collection":[{"href":"https:\/\/zefiro-japan.com\/ja\/wp-json\/wp\/v2\/pages"}],"about":[{"href":"https:\/\/zefiro-japan.com\/ja\/wp-json\/wp\/v2\/types\/page"}],"author":[{"embeddable":true,"href":"https:\/\/zefiro-japan.com\/ja\/wp-json\/wp\/v2\/users\/1"}],"replies":[{"embeddable":true,"href":"https:\/\/zefiro-japan.com\/ja\/wp-json\/wp\/v2\/comments?post=2228"}],"version-history":[{"count":3,"href":"https:\/\/zefiro-japan.com\/ja\/wp-json\/wp\/v2\/pages\/2228\/revisions"}],"predecessor-version":[{"id":2415,"href":"https:\/\/zefiro-japan.com\/ja\/wp-json\/wp\/v2\/pages\/2228\/revisions\/2415"}],"wp:attachment":[{"href":"https:\/\/zefiro-japan.com\/ja\/wp-json\/wp\/v2\/media?parent=2228"}],"curies":[{"name":"wp","href":"https:\/\/api.w.org\/{rel}","templated":true}]}}